{"id":130,"date":"2016-01-29T22:12:17","date_gmt":"2016-01-29T21:12:17","guid":{"rendered":"http:\/\/barncompaniet.se\/?page_id=130"},"modified":"2025-01-24T14:57:54","modified_gmt":"2025-01-24T13:57:54","slug":"kooperativet-2","status":"publish","type":"page","link":"https:\/\/barncompaniet.se\/index.php\/kooperativet-2\/","title":{"rendered":"Kooperativet"},"content":{"rendered":"\n<div align=\"center\">\n<div style=\"text-align: left;\">\n<p>Vi \u00e4r en frist\u00e5ende f\u00f6rskola som idag har 80 barn inskrivna i \u00e5ldrarna 1-5\u00e5r. Vi har delat upp barnen p\u00e5 olika Arenor, Arena Luft f\u00f6r v\u00e5ra 1-\u00e5ringar, Arena Vatten f\u00f6r v\u00e5ra 2-\u00e5ringar, Arena Jord f\u00f6r v\u00e5ra 3-\u00e5ringar och p\u00e5 Arena Eld \u00e4r v\u00e5ra 4-5\u00e5ringar. Vi har 2 f\u00f6rskolechefer, 17 pedagoger samt 2 kockar anst\u00e4llda.<\/p>\n<p>V\u00e5r lokal ligger i bostadsomr\u00e5det Erikslund, ca.1,5km utanf\u00f6r centrum. I v\u00e5rt vitala hus finns ocks\u00e5 h\u00e4lsocentral, dagverksamhet, sjukgymnnastik, demensboende mm. I v\u00e5r fantastiska utemilj\u00f6 finns stora gr\u00f6n- och skogsomr\u00e5den samt tillg\u00e5ng till lekplatser. Det finns bra bussf\u00f6rbindelser in till centrum.<\/p>\n<p>Vi \u00e4r en frist\u00e5ende f\u00f6rskola som drivs som ett personal- och f\u00f6r\u00e4ldrakooperativ, ej vinstdrivande. Styrelsen,&nbsp;v\u00e5rt verkst\u00e4llande organ,&nbsp;best\u00e5r&nbsp;av&nbsp;f\u00f6r\u00e4ldrar, pedagoger&nbsp;och&nbsp;en extern&nbsp;ordf\u00f6rande,&nbsp;samt&nbsp;f\u00f6rskolecheferna&nbsp;som&nbsp;adjungerande. Den ekonomiska f\u00f6reningen ska fr\u00e4mja medlemmarnas ekonomiska intressen, men vi betonar s\u00e4rskilt nyttan f\u00f6r barnen, andra m\u00e4nskliga v\u00e4rden och f\u00f6r\u00e4ldrarnas samt personalens samverkan. Vi ser f\u00f6r\u00e4ldrarnas delaktighet och engagemang som en viktig del i verksamheten.<\/p>\n<\/div>\n<\/div>\n\n\n\n<figure class=\"wp-block-image size-large\"><a href=\"https:\/\/barncompaniet.se\/wp-content\/uploads\/2023\/06\/received_167295588627561-edited.jpeg\"><img loading=\"lazy\" decoding=\"async\" width=\"1024\" height=\"1024\" src=\"https:\/\/barncompaniet.se\/wp-content\/uploads\/2023\/06\/received_167295588627561-edited-1024x1024.jpeg\" alt=\"\" class=\"wp-image-1107\" srcset=\"https:\/\/barncompaniet.se\/wp-content\/uploads\/2023\/06\/received_167295588627561-edited-1024x1024.jpeg 1024w, https:\/\/barncompaniet.se\/wp-content\/uploads\/2023\/06\/received_167295588627561-edited-300x300.jpeg 300w, https:\/\/barncompaniet.se\/wp-content\/uploads\/2023\/06\/received_167295588627561-edited-150x150.jpeg 150w, https:\/\/barncompaniet.se\/wp-content\/uploads\/2023\/06\/received_167295588627561-edited-768x768.jpeg 768w, https:\/\/barncompaniet.se\/wp-content\/uploads\/2023\/06\/received_167295588627561-edited.jpeg 1536w\" sizes=\"auto, (max-width: 1024px) 100vw, 1024px\" \/><\/a><\/figure>\n","protected":false},"excerpt":{"rendered":"<p>Vi \u00e4r en frist\u00e5ende f\u00f6rskola som idag har 80 barn inskrivna i \u00e5ldrarna 1-5\u00e5r. Vi har delat upp barnen p\u00e5 olika Arenor, Arena Luft f\u00f6r v\u00e5ra 1-\u00e5ringar, Arena Vatten f\u00f6r v\u00e5ra 2-\u00e5ringar, Arena Jord f\u00f6r v\u00e5ra 3-\u00e5ringar och p\u00e5 Arena Eld \u00e4r v\u00e5ra 4-5\u00e5ringar. Vi har 2 f\u00f6rskolechefer, 17 pedagoger samt 2 kockar anst\u00e4llda. V\u00e5r [&hellip;]<\/p>\n","protected":false},"author":1,"featured_media":0,"parent":0,"menu_order":0,"comment_status":"closed","ping_status":"closed","template":"","meta":{"_bbp_topic_count":0,"_bbp_reply_count":0,"_bbp_total_topic_count":0,"_bbp_total_reply_count":0,"_bbp_voice_count":0,"_bbp_anonymous_reply_count":0,"_bbp_topic_count_hidden":0,"_bbp_reply_count_hidden":0,"_bbp_forum_subforum_count":0,"footnotes":""},"class_list":["post-130","page","type-page","status-publish","hentry"],"_links":{"self":[{"href":"https:\/\/barncompaniet.se\/index.php\/wp-json\/wp\/v2\/pages\/130","targetHints":{"allow":["GET"]}}],"collection":[{"href":"https:\/\/barncompaniet.se\/index.php\/wp-json\/wp\/v2\/pages"}],"about":[{"href":"https:\/\/barncompaniet.se\/index.php\/wp-json\/wp\/v2\/types\/page"}],"author":[{"embeddable":true,"href":"https:\/\/barncompaniet.se\/index.php\/wp-json\/wp\/v2\/users\/1"}],"replies":[{"embeddable":true,"href":"https:\/\/barncompaniet.se\/index.php\/wp-json\/wp\/v2\/comments?post=130"}],"version-history":[{"count":6,"href":"https:\/\/barncompaniet.se\/index.php\/wp-json\/wp\/v2\/pages\/130\/revisions"}],"predecessor-version":[{"id":1259,"href":"https:\/\/barncompaniet.se\/index.php\/wp-json\/wp\/v2\/pages\/130\/revisions\/1259"}],"wp:attachment":[{"href":"https:\/\/barncompaniet.se\/index.php\/wp-json\/wp\/v2\/media?parent=130"}],"curies":[{"name":"wp","href":"https:\/\/api.w.org\/{rel}","templated":true}]}}