{"id":491,"date":"2019-11-13T14:15:03","date_gmt":"2019-11-13T13:15:03","guid":{"rendered":"https:\/\/barncompaniet.se\/?page_id=491"},"modified":"2021-09-16T14:11:11","modified_gmt":"2021-09-16T12:11:11","slug":"hallbar-framtid","status":"publish","type":"page","link":"https:\/\/barncompaniet.se\/index.php\/hallbar-framtid\/","title":{"rendered":"H\u00e5llbar framtid"},"content":{"rendered":"\n<div class=\"wp-block-file\"><a href=\"https:\/\/barncompaniet.se\/wp-content\/uploads\/2019\/11\/h\u00e5llbarhetstanken.pdf\">h\u00e5llbarhetstanken<\/a><a href=\"https:\/\/barncompaniet.se\/wp-content\/uploads\/2019\/11\/h\u00e5llbarhetstanken.pdf\" class=\"wp-block-file__button\" download>Ladda ner<\/a><\/div>\n\n\n\n<div class=\"wp-block-file\"><a href=\"https:\/\/barncompaniet.se\/wp-content\/uploads\/2019\/11\/utv-m\u00e5l-h\u00e5llbar-framtid.pdf\">utv m\u00e5l h\u00e5llbar framtid<\/a><a href=\"https:\/\/barncompaniet.se\/wp-content\/uploads\/2019\/11\/utv-m\u00e5l-h\u00e5llbar-framtid.pdf\" class=\"wp-block-file__button\" download>Ladda ner<\/a><\/div>\n\n\n\n<div class=\"wp-block-file\"><a href=\"https:\/\/barncompaniet.se\/wp-content\/uploads\/2019\/11\/v\u00e5r-fokusering-p\u00e5-h\u00e5llbar-utveckling.pdf\">v\u00e5r fokusering p\u00e5 h\u00e5llbar utveckling<\/a><a href=\"https:\/\/barncompaniet.se\/wp-content\/uploads\/2019\/11\/v\u00e5r-fokusering-p\u00e5-h\u00e5llbar-utveckling.pdf\" class=\"wp-block-file__button\" download>Ladda ner<\/a><\/div>\n\n\n\n<div class=\"wp-block-file\"><a href=\"https:\/\/barncompaniet.se\/wp-content\/uploads\/2019\/11\/k\u00f6kets-ekologiska-historia.pdf\">k\u00f6kets ekologiska historia<\/a><a href=\"https:\/\/barncompaniet.se\/wp-content\/uploads\/2019\/11\/k\u00f6kets-ekologiska-historia.pdf\" class=\"wp-block-file__button\" download>Ladda ner<\/a><\/div>\n\n\n\n<p><strong>Vi tar emot skolmj\u00f6lksst\u00f6d!<\/strong><\/p>\n\n\n\n<figure class=\"wp-block-gallery columns-1 is-cropped wp-block-gallery-1 is-layout-flex wp-block-gallery-is-layout-flex\"><ul class=\"blocks-gallery-grid\"><li class=\"blocks-gallery-item\"><figure><a href=\"https:\/\/barncompaniet.se\/wp-content\/uploads\/2021\/09\/EU-logotyp_Skolmjolksstod.jpg.jpg\"><img loading=\"lazy\" decoding=\"async\" width=\"710\" height=\"678\" src=\"https:\/\/barncompaniet.se\/wp-content\/uploads\/2021\/09\/EU-logotyp_Skolmjolksstod.jpg.jpg\" alt=\"\" data-id=\"1014\" data-full-url=\"https:\/\/barncompaniet.se\/wp-content\/uploads\/2021\/09\/EU-logotyp_Skolmjolksstod.jpg.jpg\" data-link=\"https:\/\/barncompaniet.se\/eu-logotyp_skolmjolksstod-jpg\/\" class=\"wp-image-1014\" srcset=\"https:\/\/barncompaniet.se\/wp-content\/uploads\/2021\/09\/EU-logotyp_Skolmjolksstod.jpg.jpg 710w, https:\/\/barncompaniet.se\/wp-content\/uploads\/2021\/09\/EU-logotyp_Skolmjolksstod.jpg-300x286.jpg 300w\" sizes=\"auto, (max-width: 710px) 100vw, 710px\" \/><\/a><\/figure><\/li><\/ul><\/figure>\n","protected":false},"excerpt":{"rendered":"<p>Vi tar emot skolmj\u00f6lksst\u00f6d!<\/p>\n","protected":false},"author":2,"featured_media":0,"parent":0,"menu_order":0,"comment_status":"closed","ping_status":"closed","template":"","meta":{"_bbp_topic_count":0,"_bbp_reply_count":0,"_bbp_total_topic_count":0,"_bbp_total_reply_count":0,"_bbp_voice_count":0,"_bbp_anonymous_reply_count":0,"_bbp_topic_count_hidden":0,"_bbp_reply_count_hidden":0,"_bbp_forum_subforum_count":0,"footnotes":""},"class_list":["post-491","page","type-page","status-publish","hentry"],"_links":{"self":[{"href":"https:\/\/barncompaniet.se\/index.php\/wp-json\/wp\/v2\/pages\/491","targetHints":{"allow":["GET"]}}],"collection":[{"href":"https:\/\/barncompaniet.se\/index.php\/wp-json\/wp\/v2\/pages"}],"about":[{"href":"https:\/\/barncompaniet.se\/index.php\/wp-json\/wp\/v2\/types\/page"}],"author":[{"embeddable":true,"href":"https:\/\/barncompaniet.se\/index.php\/wp-json\/wp\/v2\/users\/2"}],"replies":[{"embeddable":true,"href":"https:\/\/barncompaniet.se\/index.php\/wp-json\/wp\/v2\/comments?post=491"}],"version-history":[{"count":10,"href":"https:\/\/barncompaniet.se\/index.php\/wp-json\/wp\/v2\/pages\/491\/revisions"}],"predecessor-version":[{"id":1018,"href":"https:\/\/barncompaniet.se\/index.php\/wp-json\/wp\/v2\/pages\/491\/revisions\/1018"}],"wp:attachment":[{"href":"https:\/\/barncompaniet.se\/index.php\/wp-json\/wp\/v2\/media?parent=491"}],"curies":[{"name":"wp","href":"https:\/\/api.w.org\/{rel}","templated":true}]}}